{"id":817,"date":"2015-06-09T14:10:14","date_gmt":"2015-06-09T13:10:14","guid":{"rendered":"http:\/\/www.torstenschmidt.eu\/?page_id=817"},"modified":"2026-01-26T17:11:11","modified_gmt":"2026-01-26T16:11:11","slug":"startseite","status":"publish","type":"page","link":"https:\/\/www.torstenschmidt.eu\/","title":{"rendered":"Ingenieurb\u00fcro  \u2022  Nachwachsende Rohstoffe  \u2022  Erneuerbare Energien"},"content":{"rendered":"<section class=\"kc-elm kc-css-694728 kc_row\"><div class=\"kc-row-container  kc-container\"><div class=\"kc-wrap-columns\"><div class=\"kc-elm kc-css-601175 kc_col-sm-12 kc_column kc_col-sm-12\"><div class=\"kc-col-container\"><div class=\"kc-elm kc-css-879141 kc_text_block\"><\/p>\n<p style=\"text-align: right;\"><a href=\"https:\/\/www.german-energy-solutions.de\/GES\/Navigation\/EN\/CompanyDB\/Extern\/Suchen\/Einzelansicht\/einzelansicht_company_main_node.html?companyId=2300&#038;companyDataId=3129\" target=\"_blank\" rel=\"noopener\"><img loading=\"lazy\" decoding=\"async\" class=\"wp-image-867 alignleft\" src=\"https:\/\/www.torstenschmidt.eu\/wp-content\/uploads\/2017\/05\/LogoEnglischEIEDownload-300x164.jpg\" alt=\"\" width=\"338\" height=\"185\"><\/a><\/p>\n<h3 style=\"text-align: center;\"><strong><img loading=\"lazy\" decoding=\"async\" class=\" wp-image-1315 alignright\" src=\"https:\/\/www.torstenschmidt.eu\/wp-content\/uploads\/2025\/08\/RSR-Engineering_-Nachhaltigkeit-im-Fokus-300x200.png\" alt=\"\" width=\"284\" height=\"189\" srcset=\"https:\/\/www.torstenschmidt.eu\/wp-content\/uploads\/2025\/08\/RSR-Engineering_-Nachhaltigkeit-im-Fokus-300x200.png 300w, https:\/\/www.torstenschmidt.eu\/wp-content\/uploads\/2025\/08\/RSR-Engineering_-Nachhaltigkeit-im-Fokus.png 1536w\" sizes=\"auto, (max-width: 284px) 100vw, 284px\" \/><\/strong><strong>Ingenieurb\u00fcro seit \u00fcber 20 Jahren:<\/strong><strong> RSR Engineering<\/strong><\/h3>\n<h3 style=\"text-align: center;\"><em><strong>-global denken, lokal handeln-<\/strong><\/em><\/h3>\n<p style=\"text-align: center;\">Ihr Partner f\u00fcr nachhaltige Energie- und Umweltl\u00f6sungen<\/p>\n<\/p>\n<hr>\n<div class=\"ts-wrap\">\n<div class=\"ts-container\">\n<section class=\"ts-intro\" aria-label=\"Einleitung\">\n<div class=\"ts-eyebrow\" style=\"text-align: center;\"><span style=\"color: #ff0000;\"><strong>! ! ! Wir w\u00fcnschen Ihnen eine sch\u00f6ne Weihnachtszeit und einen tollen Jahreswechsel ! ! !<\/strong><\/span><\/div>\n<\/section>\n<\/div>\n<\/div>\n<div><\/div>\n<div class=\"ts-container\">\n<section class=\"ts-intro\" aria-label=\"Einleitung\">\n<h1 class=\"ts-h1\"><\/h1>\n<h1 class=\"ts-h1\">Nachhaltige Energie &#038; Umweltl\u00f6sungen<\/h1>\n<p class=\"ts-lead\">Wir verbinden \u00f6kologische Verantwortung mit wirtschaftlicher Effizienz. Wir entwickeln, begleiten und optimieren Projekte rund um die stoffliche und energetische Nutzung nachwachsender Rohstoffe \u2013 von der Idee bis zur erfolgreichen Umsetzung, weltweit, praxisnah und bei Bedarf auch mit unseren Partnern zertifizieren.<\/p>\n<\/section>\n<div class=\"schwerpunkte-container\">\n<p>  <!-- Unsere Schwerpunkte --><\/p>\n<h2>Unsere Schwerpunkte<\/h2>\n<div class=\"cards\">\n<div class=\"card\">\n<div class=\"icon\">\n        <!-- Pflanze SVG --><br \/>        <svg xmlns=\"http:\/\/www.w3.org\/2000\/svg\" viewBox=\"0 0 64 64\" width=\"40\" height=\"40\" fill=\"#228B22\">          <path d=\"M32 2C32 2 28 14 28 26c0 8 4 14 4 14s4-6 4-14c0-12-4-24-4-24zM16 40c0 6 8 10 8 10s8-4 8-10c0-6-8-10-8-10s-8 4-8 10zm32 0c0 6-8 10-8 10s-8-4-8-10c0-6 8-10 8-10s8 4 8 10z\"\/>\n        <\/svg>\n      <\/div>\n<h3>Nachwachsende Rohstoffe<\/h3>\n<p>Nachhaltiger Anbau, Z\u00fcchtung, Verarbeitung und Nutzung von Biomasse (Kreislaufwirtschaft) sowie Bearbeitung konventioneller Rohstoffe &#038; spezieller Pflanzenbau.<\/p>\n<\/div>\n<div class=\"card\">\n<div class=\"icon\">\n        <!-- Energie SVG --><br \/>        <svg xmlns=\"http:\/\/www.w3.org\/2000\/svg\" viewBox=\"0 0 64 64\" width=\"40\" height=\"40\" fill=\"#FFA500\">          <path d=\"M32 2 L12 32h12v30l20-30H40z\"\/>\n        <\/svg>\n      <\/div>\n<h3>Energiegewinnung aus Biomasse<\/h3>\n<p>Strom- und W\u00e4rmeerzeugung (KWK, KWKK) aus fester, fl\u00fcssiger und gasf\u00f6rmiger Biomasse; Erweiterung &#038; Optimierung von Biogasanlagen, Satelliten-BHKW, Kraftstoffumstellung.<\/p>\n<\/div>\n<div class=\"card\">\n<div class=\"icon\">\n        <!-- Ausschreibung SVG --><br \/>        <svg xmlns=\"http:\/\/www.w3.org\/2000\/svg\" viewBox=\"0 0 64 64\" width=\"40\" height=\"40\" fill=\"#1E90FF\"><br \/>          <circle cx=\"32\" cy=\"32\" r=\"30\" stroke=\"#1E90FF\" stroke-width=\"4\" fill=\"none\"\/>          <path d=\"M32 16v16l12 6\" stroke=\"#1E90FF\" stroke-width=\"4\" fill=\"none\"\/>\n        <\/svg>\n      <\/div>\n<h3>EEG &#038; Ausschreibungen<\/h3>\n<p>EEG-Anlagenversetzung sowie Unterst\u00fctzung bei EEG-Ausschreibungen f\u00fcr Neu- und Altanlagen.<\/p>\n<\/div>\n<div class=\"card\">\n<div class=\"icon\">\n        <!-- Globus SVG --><br \/>        <svg xmlns=\"http:\/\/www.w3.org\/2000\/svg\" viewBox=\"0 0 64 64\" width=\"40\" height=\"40\" fill=\"#32CD32\"><br \/>          <circle cx=\"32\" cy=\"32\" r=\"30\" stroke=\"#32CD32\" stroke-width=\"4\" fill=\"none\"\/>          <path d=\"M32 2 a30 30 0 0 1 0 60 a30 30 0 0 1 0-60 M2 32h60 M32 2v60\" stroke=\"#32CD32\" stroke-width=\"2\" fill=\"none\"\/>\n        <\/svg>\n      <\/div>\n<h3>Internationale Unterst\u00fctzung<\/h3>\n<p>Beratung &#038; Betreuung in Entwicklungs- und Schwellenl\u00e4ndern; Einf\u00fchrung von Wind, Photovoltaik und Biomasse; Entwicklungshilfe &#038; Nachhaltigkeit in allen Projektphasen.<\/p>\n<\/div>\n<\/div>\n<p>  <!-- Zertifizierungen --><\/p>\n<h2>Zertifizierungen<\/h2>\n<ul>\n<li>Energieauditor &#038; Energiebeauftragter nach ISO 50001<\/li>\n<li>Fachkunde nach Abfall- &#038; EntsorgungsfachbetriebeV<\/li>\n<li>Auditor f\u00fcr Nachhaltigkeitszertifizierungen freiwilliger Systeme (z.B. Sustainable Resources Verification Scheme GmbH &#8211; SURE -)<\/li>\n<\/ul>\n<h3>Hinweis: Service\/Beratung<\/h3>\n<p>Unterliegt Ihre EEG-Anlage einer Nachhaltigkeitszertifizierung? Wir begleiten\/beraten Sie gerne bei den Themen, die auditrelevant sind. Dies k\u00f6nnen u.a. sein: Erstellung von Nachhaltigkeitsnachweisen, Jahresmeldungen, Pr\u00fcfung Ackerstatus 2008 oder der Auditvorbereitung. Hinweis: Keine Beratung, wenn wir bei Ihnen eine Zertifizierung durchf\u00fchren.<\/p>\n<p>  <!-- Weitere T\u00e4tigkeitsfelder --><\/p>\n<h2>Weitere T\u00e4tigkeitsfelder<\/h2>\n<div class=\"cards\">\n<div class=\"card\">\n<div class=\"icon\">\n        <!-- Projekt SVG --><br \/>        <svg xmlns=\"http:\/\/www.w3.org\/2000\/svg\" viewBox=\"0 0 64 64\" width=\"40\" height=\"40\" fill=\"#8A2BE2\"><br \/>          <rect x=\"12\" y=\"12\" width=\"40\" height=\"40\" stroke=\"#8A2BE2\" stroke-width=\"4\" fill=\"none\"\/>          <path d=\"M12 32h40 M32 12v40\" stroke=\"#8A2BE2\" stroke-width=\"4\"\/>\n        <\/svg>\n      <\/div>\n<h3>Projektierung &#038; Support<\/h3>\n<p>Biomasseanlagen, Anbau, Ernte &#038; Bereitstellung biogener Energietr\u00e4ger.<\/p>\n<\/div>\n<div class=\"card\">\n<div class=\"icon\">\n        <!-- Solarpanel SVG --><br \/>        <svg xmlns=\"http:\/\/www.w3.org\/2000\/svg\" viewBox=\"0 0 64 64\" width=\"40\" height=\"40\" fill=\"#FFD700\"><br \/>          <rect x=\"8\" y=\"12\" width=\"48\" height=\"40\" fill=\"none\" stroke=\"#FFD700\" stroke-width=\"4\"\/>          <line x1=\"8\" y1=\"22\" x2=\"56\" y2=\"22\" stroke=\"#FFD700\" stroke-width=\"2\"\/>\n          <line x1=\"8\" y1=\"32\" x2=\"56\" y2=\"32\" stroke=\"#FFD700\" stroke-width=\"2\"\/>\n          <line x1=\"8\" y1=\"42\" x2=\"56\" y2=\"42\" stroke=\"#FFD700\" stroke-width=\"2\"\/>\n        <\/svg>\n      <\/div>\n<h3>Erneuerbare Energien<\/h3>\n<p>Schwerpunkt Biomasse &#038; Photovoltaik, inkl. Systemintegration.<\/p>\n<\/div>\n<div class=\"card\">\n<div class=\"icon\">\n        <!-- CO2 SVG --><br \/>        <svg xmlns=\"http:\/\/www.w3.org\/2000\/svg\" viewBox=\"0 0 64 64\" width=\"40\" height=\"40\" fill=\"#20B2AA\"><br \/>          <circle cx=\"32\" cy=\"32\" r=\"28\" stroke=\"#20B2AA\" stroke-width=\"4\" fill=\"none\"\/><br \/>          <text x=\"32\" y=\"38\" font-size=\"18\" font-weight=\"bold\" text-anchor=\"middle\" fill=\"#20B2AA\">CO\u2082<\/text><br \/>        <\/svg>\n      <\/div>\n<h3>Klimaschutz &#038; CO\u2082<\/h3>\n<p>Klimaschutzprojekte, Klimaneutralit\u00e4t, CO\u2082-Bilanzen &#038; Carbon Footprint, freiwilliger Zertifikatehandel.<\/p>\n<\/div>\n<div class=\"card\">\n<div class=\"icon\">\n        <!-- Biokunststoff SVG --><br \/>        <svg xmlns=\"http:\/\/www.w3.org\/2000\/svg\" viewBox=\"0 0 64 64\" width=\"40\" height=\"40\" fill=\"#FF69B4\">          <path d=\"M12 12h40v40H12z\" stroke=\"#FF69B4\" stroke-width=\"4\" fill=\"none\"\/>\n          <path d=\"M12 12l40 40 M52 12L12 52\" stroke=\"#FF69B4\" stroke-width=\"4\"\/>\n        <\/svg>\n      <\/div>\n<h3>Biokunststoffe<\/h3>\n<p>Entwicklung &#038; Anwendung nachhaltiger Materialien in Wertsch\u00f6pfungsketten.<\/p>\n<\/div>\n<div class=\"card\">\n<div class=\"icon\">\n        <!-- Lehre SVG --><br \/>        <svg xmlns=\"http:\/\/www.w3.org\/2000\/svg\" viewBox=\"0 0 64 64\" width=\"40\" height=\"40\" fill=\"#FF4500\">          <path d=\"M32 4 L60 20 32 36 4 20 Z\" stroke=\"#FF4500\" stroke-width=\"4\" fill=\"none\"\/>\n          <line x1=\"32\" y1=\"36\" x2=\"32\" y2=\"60\" stroke=\"#FF4500\" stroke-width=\"4\"\/>\n        <\/svg>\n      <\/div>\n<h3>Lehre &#038; Wissenstransfer<\/h3>\n<p>Lehrauftr\u00e4ge an deutschen Hochschulen; praxisnahe Weiterbildung, Technologietransfer.<\/p>\n<\/div>\n<\/div>\n<\/div>\n<style>\n.schwerpunkte-container {<br \/>  font-family: Arial, sans-serif;<br \/>  max-width: 1100px;<br \/>  margin: 0 auto;<br \/>  color: #333;<br \/>  line-height: 1.6;<br \/>}<\/p>\n<p>.schwerpunkte-container h2 {<br \/>  text-align: center;<br \/>  color: #006400;<br \/>  margin-top: 2em;<br \/>  margin-bottom: 1em;<br \/>}<\/p>\n<p>.schwerpunkte-container h3 {<br \/>  margin-top: 0.5em;<br \/>  margin-bottom: 0.5em;<br \/>  color: #228B22;<br \/>}<\/p>\n<p>.cards {<br \/>  display: flex;<br \/>  flex-wrap: wrap;<br \/>  gap: 20px;<br \/>  justify-content: center;<br \/>  margin-bottom: 2em;<br \/>}<\/p>\n<p>.card {<br \/>  background: #f9f9f9;<br \/>  border-radius: 12px;<br \/>  padding: 20px;<br \/>  flex: 1 1 250px;<br \/>  max-width: 300px;<br \/>  box-shadow: 0 4px 12px rgba(0,0,0,0.1);<br \/>  text-align: center;<br \/>  transition: transform 0.2s, box-shadow 0.2s;<br \/>}<\/p>\n<p>.card:hover {<br \/>  transform: translateY(-5px);<br \/>  box-shadow: 0 8px 20px rgba(0,0,0,0.15);<br \/>}<\/p>\n<p>.card .icon {<br \/>  margin-bottom: 10px;<br \/>}<\/p>\n<p>.schwerpunkte-container ul {<br \/>  list-style-type: disc;<br \/>  padding-left: 1.5em;<br \/>  margin-bottom: 2em;<br \/>}<\/p>\n<p>.schwerpunkte-container p {<br \/>  margin-bottom: 1em;<br \/>}<br \/><\/style>\n<\/div>\n<\/section>\n<\/div>\n<div class=\"ts-sep\" role=\"presentation\"><\/div>\n<div role=\"presentation\"><\/div>\n<div class=\"ts-wrap\">\n<div class=\"ts-container\">\n<h2><strong>Mitgliedschaften<\/strong><\/h2>\n<p>\u2022 F\u00f6rdermitglied bei der Nichtregierungsorganisation (NGO) Ingenieure-ohne-Grenzen e.V.<a href=\"https:\/\/ingenieure-ohne-grenzen.org\/\" target=\"_blank\" rel=\"noopener noreferrer\"><img loading=\"lazy\" decoding=\"async\" class=\"alignnone wp-image-118\" title=\"iog\" src=\"https:\/\/www.torstenschmidt.eu\/wp-content\/uploads\/2010\/05\/iog.gif\" alt=\"\" width=\"137\" height=\"77\"><\/a><\/p>\n<p>\u2022 Bundesverband Kraft-W\u00e4rme-Kopplung e.V.<a href=\"https:\/\/www.bkwk.de\/\" target=\"_blank\" rel=\"noopener noreferrer\"><img loading=\"lazy\" decoding=\"async\" class=\"alignnone wp-image-1072\" src=\"https:\/\/www.torstenschmidt.eu\/wp-content\/uploads\/2019\/01\/bkwk-logo-300x138.png\" alt=\"\" width=\"152\" height=\"70\" srcset=\"https:\/\/www.torstenschmidt.eu\/wp-content\/uploads\/2019\/01\/bkwk-logo-300x138.png 300w, https:\/\/www.torstenschmidt.eu\/wp-content\/uploads\/2019\/01\/bkwk-logo.png 340w\" sizes=\"auto, (max-width: 152px) 100vw, 152px\" \/><\/a> \u00a0 <a href=\"https:\/\/www.bkwk.de\/blaue-energie\/\" target=\"_blank\" rel=\"noopener noreferrer\"><img loading=\"lazy\" decoding=\"async\" class=\"alignnone wp-image-1217\" src=\"https:\/\/www.torstenschmidt.eu\/wp-content\/uploads\/2020\/06\/BKWK_Blaue_Energie-160x300.png\" alt=\"\" width=\"63\" height=\"118\" srcset=\"https:\/\/www.torstenschmidt.eu\/wp-content\/uploads\/2020\/06\/BKWK_Blaue_Energie-160x300.png 160w, https:\/\/www.torstenschmidt.eu\/wp-content\/uploads\/2020\/06\/BKWK_Blaue_Energie.png 239w\" sizes=\"auto, (max-width: 63px) 100vw, 63px\" \/><\/a><\/p>\n<\/p>\n<p>\u2022 VDI \u2013 Verein Deutscher Ingenieure e.V.<a href=\"https:\/\/www.vdi.de\/\" target=\"_blank\" rel=\"noopener noreferrer\"><img loading=\"lazy\" decoding=\"async\" class=\"alignnone wp-image-1159\" src=\"https:\/\/www.torstenschmidt.eu\/wp-content\/uploads\/2019\/10\/VDI-300x300.png\" alt=\"\" width=\"62\" height=\"62\" srcset=\"https:\/\/www.torstenschmidt.eu\/wp-content\/uploads\/2019\/10\/VDI-300x300.png 300w, https:\/\/www.torstenschmidt.eu\/wp-content\/uploads\/2019\/10\/VDI-95x95.png 95w, https:\/\/www.torstenschmidt.eu\/wp-content\/uploads\/2019\/10\/VDI.png 474w\" sizes=\"auto, (max-width: 62px) 100vw, 62px\" \/><\/a><\/p>\n<\/p>\n<p>\u2022 Fachverband Biogas e.V. <a href=\"http:\/\/www.biogas.org\" target=\"_blank\" rel=\"noopener\"><img loading=\"lazy\" decoding=\"async\" class=\"alignnone wp-image-1281\" src=\"https:\/\/www.torstenschmidt.eu\/wp-content\/uploads\/2022\/06\/Biogas-Fachverband-300x132.png\" alt=\"Biogas Fachverband e.V.\" width=\"234\" height=\"103\" srcset=\"https:\/\/www.torstenschmidt.eu\/wp-content\/uploads\/2022\/06\/Biogas-Fachverband-300x132.png 300w, https:\/\/www.torstenschmidt.eu\/wp-content\/uploads\/2022\/06\/Biogas-Fachverband-1024x452.png 1024w, https:\/\/www.torstenschmidt.eu\/wp-content\/uploads\/2022\/06\/Biogas-Fachverband-768x339.png 768w, https:\/\/www.torstenschmidt.eu\/wp-content\/uploads\/2022\/06\/Biogas-Fachverband.png 1430w\" sizes=\"auto, (max-width: 234px) 100vw, 234px\" \/><\/a><\/p>\n<div id=\"google_translate_element\">\n<h5><\/h5>\n<\/div>\n<p>\u2022 DLG &#8211; Deutsche Landwirtschafts-Gesellschaftachverband e.V.<a href=\"https:\/\/www.dlg.org\/de\/\" target=\"_blank\" rel=\"noopener\"><img loading=\"lazy\" decoding=\"async\" class=\"alignnone size-full wp-image-1285\" src=\"https:\/\/www.torstenschmidt.eu\/wp-content\/uploads\/2022\/12\/dlg.png\" alt=\"\" width=\"100\" height=\"100\" srcset=\"https:\/\/www.torstenschmidt.eu\/wp-content\/uploads\/2022\/12\/dlg.png 100w, https:\/\/www.torstenschmidt.eu\/wp-content\/uploads\/2022\/12\/dlg-95x95.png 95w\" sizes=\"auto, (max-width: 100px) 100vw, 100px\" \/><\/a><\/p>\n<\/p>\n<div id=\"google_translate_element\">\n<h3><strong>Folgen Sie uns auf<\/strong><\/h3>\n<h3><a href=\"https:\/\/x.com\/RSRSchmidt\" target=\"_blank\" rel=\"noopener\"><img loading=\"lazy\" decoding=\"async\" class=\"wp-image-1306 alignleft\" src=\"https:\/\/www.torstenschmidt.eu\/wp-content\/uploads\/2025\/03\/X_icon_2.svg_-300x300.png\" alt=\"\" width=\"89\" height=\"89\" srcset=\"https:\/\/www.torstenschmidt.eu\/wp-content\/uploads\/2025\/03\/X_icon_2.svg_-300x300.png 300w, https:\/\/www.torstenschmidt.eu\/wp-content\/uploads\/2025\/03\/X_icon_2.svg_-95x95.png 95w, https:\/\/www.torstenschmidt.eu\/wp-content\/uploads\/2025\/03\/X_icon_2.svg_-768x768.png 768w, https:\/\/www.torstenschmidt.eu\/wp-content\/uploads\/2025\/03\/X_icon_2.svg_.png 900w\" sizes=\"auto, (max-width: 89px) 100vw, 89px\" \/><\/a><a href=\"http:\/\/www.linkedin.com\/in\/torsten-schmidt-RSR\" target=\"_blank\" rel=\"http:\/\/www.linkedin.com\/in\/torsten-schmidt-RSR noopener\"><img loading=\"lazy\" decoding=\"async\" class=\"alignnone wp-image-1253\" src=\"https:\/\/www.torstenschmidt.eu\/wp-content\/uploads\/2021\/04\/linkedin-logo-300x225.jpg\" alt=\"\" width=\"209\" height=\"157\" srcset=\"https:\/\/www.torstenschmidt.eu\/wp-content\/uploads\/2021\/04\/linkedin-logo-300x225.jpg 300w, https:\/\/www.torstenschmidt.eu\/wp-content\/uploads\/2021\/04\/linkedin-logo-768x576.jpg 768w, https:\/\/www.torstenschmidt.eu\/wp-content\/uploads\/2021\/04\/linkedin-logo.jpg 1024w\" sizes=\"auto, (max-width: 209px) 100vw, 209px\" \/><\/a><a href=\"https:\/\/www.facebook.com\/RSREngineering\/\" target=\"_blank\" rel=\"noopener\"><img loading=\"lazy\" decoding=\"async\" class=\"alignleft wp-image-862\" src=\"https:\/\/www.torstenschmidt.eu\/wp-content\/uploads\/2010\/05\/f-logo-95x95.png\" alt=\"\" width=\"86\" height=\"86\" srcset=\"https:\/\/www.torstenschmidt.eu\/wp-content\/uploads\/2010\/05\/f-logo-95x95.png 95w, https:\/\/www.torstenschmidt.eu\/wp-content\/uploads\/2010\/05\/f-logo-300x300.png 300w, https:\/\/www.torstenschmidt.eu\/wp-content\/uploads\/2010\/05\/f-logo.png 325w\" sizes=\"auto, (max-width: 86px) 100vw, 86px\" \/><\/a><\/h3>\n<\/div>\n<\/div>\n<\/div>\n<p>\n<\/div><\/div><\/div><\/div><\/div><\/section>\n","protected":false},"excerpt":{"rendered":"","protected":false},"author":3,"featured_media":0,"parent":0,"menu_order":0,"comment_status":"closed","ping_status":"open","template":"","meta":{"footnotes":""},"class_list":["post-817","page","type-page","status-publish"],"jetpack_shortlink":"https:\/\/wp.me\/P3ZsD0-db","_links":{"self":[{"href":"https:\/\/www.torstenschmidt.eu\/index.php?rest_route=\/wp\/v2\/pages\/817","targetHints":{"allow":["GET"]}}],"collection":[{"href":"https:\/\/www.torstenschmidt.eu\/index.php?rest_route=\/wp\/v2\/pages"}],"about":[{"href":"https:\/\/www.torstenschmidt.eu\/index.php?rest_route=\/wp\/v2\/types\/page"}],"author":[{"embeddable":true,"href":"https:\/\/www.torstenschmidt.eu\/index.php?rest_route=\/wp\/v2\/users\/3"}],"replies":[{"embeddable":true,"href":"https:\/\/www.torstenschmidt.eu\/index.php?rest_route=%2Fwp%2Fv2%2Fcomments&post=817"}],"version-history":[{"count":141,"href":"https:\/\/www.torstenschmidt.eu\/index.php?rest_route=\/wp\/v2\/pages\/817\/revisions"}],"predecessor-version":[{"id":1380,"href":"https:\/\/www.torstenschmidt.eu\/index.php?rest_route=\/wp\/v2\/pages\/817\/revisions\/1380"}],"wp:attachment":[{"href":"https:\/\/www.torstenschmidt.eu\/index.php?rest_route=%2Fwp%2Fv2%2Fmedia&parent=817"}],"curies":[{"name":"wp","href":"https:\/\/api.w.org\/{rel}","templated":true}]}}