{"id":35,"date":"2010-05-13T12:54:23","date_gmt":"2010-05-13T11:54:23","guid":{"rendered":"http:\/\/torstenschmidt.eu\/wordpress\/?page_id=35"},"modified":"2025-12-06T12:39:21","modified_gmt":"2025-12-06T11:39:21","slug":"impressum","status":"publish","type":"page","link":"https:\/\/www.torstenschmidt.eu\/?page_id=35","title":{"rendered":"Kontakt \/ Impressum"},"content":{"rendered":"<h2><img loading=\"lazy\" decoding=\"async\" class=\"wp-image-86 alignnone\" style=\"float: right;\" title=\"logo\" src=\"https:\/\/www.torstenschmidt.eu\/wp-content\/uploads\/2010\/05\/logo.gif\" alt=\"\" width=\"172\" height=\"147\" \/>RSR Engineering, high flexibility &#8211; full service: Ingenieurdienstleistungen f\u00fcr Nachwachsende Rohstoffe, Erneuerbare Energien, Klimarettung und Entwicklungshilfe mit Schwerpunkten in Deutschland, Vietnam und S\u00fcdafrika<\/h2>\n<p><!--more--><\/p>\n<p><!--more--><\/p>\n<h3><strong>RSR Engineering<\/strong><\/h3>\n<p>Postfach 20 00 68 | D-30920 Seelze<\/p>\n<p>T + 49 511 &#8211; 5 90 67 35 | F + 49 511 &#8211; 5 90 67 36<\/p>\n<p>mail (at) torstenschmidt (Punkt) eu<\/p>\n<p>www.torstenschmidt.eu | www.rsr-engineering.de<\/p>\n<p>Gesch\u00e4ftsf\u00fchrer: Torsten Schmidt<\/p>\n<p>Umsatzsteueridentifikationsnummer gem\u00e4\u00df Umsatzsteuergesetz: DE 263676608. Gerne k\u00f6nnen Sie unsere &#8222;Allgemeinen Auftragsbedingungen&#8220; per E-Mail anfordern. RSR Engineering ist eine Marke des Ingenieurb\u00fcro Schmidt und als Wort- Bildmarke beim Patentamt M\u00fcnchen gesch\u00fctzt.<\/p>\n<p><strong>Konzept und Realisierung dieser Internetseite<\/strong><\/p>\n<p><a href=\"http:\/\/www.textlation.de\" target=\"_blank\" rel=\"noopener noreferrer\"><img loading=\"lazy\" decoding=\"async\" class=\"size-full wp-image-99 alignnone\" style=\"border: none;\" title=\"textlation_logo\" src=\"https:\/\/www.torstenschmidt.eu\/wp-content\/uploads\/2010\/05\/textlation_logo.gif\" alt=\"\" width=\"111\" height=\"40\" \/><\/a><br \/>\nJulia James | TEXTlation<br \/>\n<a href=\"http:\/\/www.textlation.de\" target=\"_blank\" rel=\"noopener noreferrer\">www.textlation.de<\/a><\/p>\n<p><strong>Bildrechte\/Copyright<\/strong><\/p>\n<p>Bei den Fotos auf unserer Internetseite handelt es sich in der Regel um eigene Aufnahmen. Gerne k\u00f6nnen Sie die Bilder verwenden &#8211; hierf\u00fcr ist die Angabe der Quelle Bedingung. Unsere Zitiervorsch<span style=\"font-size: small;\">l\u00e4ge:<\/span><\/p>\n<ol>\n<li><span style=\"font-size: small;\">Schmidt, Torsten: Internetrecherche vom TT.MM.JJJJ, URL: https:\/\/www.torstenschmidt.eu<\/span><\/li>\n<li><span style=\"font-size: small;\">Schmidt, Torsten: &#8222;Grundlagen Jatropha&#8220;, Stand TT.MM.JJJJ, URL: https:\/\/www.torstenschmidt.eu abgerufen am TT.MM.JJJJ<\/span><\/li>\n<\/ol>\n<p><span style=\"font-size: small;\">Trotzdem: Sollten wir mit den von uns dargestellten Bildern oder Logos ein Copyri<\/span>ght verletzen, so bitten wir um Benachrichtigung. Die betreffenden Objekte werden dann entfernt oder mit Absprache des Eigent\u00fcmers gekennzeichnet.<\/p>\n<p>Online-Recht &amp; Haftungsausschluss<\/p>\n<p>Haftung f\u00fcr Inhalte<br \/>\nDie Inhalte dieser Webseite wurden mit gr\u00f6\u00dfter Sorgfalt erstellt. F\u00fcr die Richtigkeit, Vollst\u00e4ndigkeit und Aktualit\u00e4t \u00fcbernehmen wir jedoch keine Gew\u00e4hr. Als Diensteanbieter sind wir gem\u00e4\u00df \u00a7 7 Abs. 1 TMG f\u00fcr eigene Inhalte auf diesen Seiten nach den allgemeinen Gesetzen verantwortlich. Nach \u00a7\u00a7 8 bis 10 TMG sind wir als Diensteanbieter jedoch nicht verpflichtet, \u00fcbermittelte oder gespeicherte fremde Informationen zu \u00fcberwachen oder nach Umst\u00e4nden zu forschen, die auf eine rechtswidrige T\u00e4tigkeit hinweisen. Verpflichtungen zur Entfernung oder Sperrung der Nutzung von Informationen nach den allgemeinen Gesetzen bleiben hiervon unber\u00fchrt.<\/p>\n<p>Haftung f\u00fcr Links<br \/>\nUnser Angebot enth\u00e4lt Links zu externen Webseiten Dritter, auf deren Inhalte wir keinen Einfluss haben. Deshalb k\u00f6nnen wir f\u00fcr diese fremden Inhalte keine Gew\u00e4hr \u00fcbernehmen. F\u00fcr die Inhalte der verlinkten Seiten ist stets der jeweilige Anbieter oder Betreiber verantwortlich. Die verlinkten Seiten wurden zum Zeitpunkt der Verlinkung auf m\u00f6gliche Rechtsverst\u00f6\u00dfe \u00fcberpr\u00fcft \u2013 rechtswidrige Inhalte waren zu diesem Zeitpunkt nicht erkennbar. Eine permanente inhaltliche Kontrolle der verlinkten Seiten ist jedoch ohne konkrete Anhaltspunkte nicht zumutbar. Sollten uns Rechtsverletzungen bekannt werden, werden wir derartige Links umgehend entfernen.<br \/>\nSollten Links auf Seiten verweisen, die rassistische, menschenverachtende oder gegen die freiheitlich-demokratische Grundordnung versto\u00dfende Inhalte enthalten, bitten wir um einen Hinweis. Solche Links werden unverz\u00fcglich entfernt.<\/p>\n<p>Urheberrecht<br \/>\nDie auf dieser Webseite erstellten Inhalte, Bilder, Grafiken und sonstigen Werke unterliegen dem deutschen Urheberrecht. Beitr\u00e4ge Dritter sind als solche gekennzeichnet. Die Vervielf\u00e4ltigung, Bearbeitung, Verbreitung oder jede andere Art der Verwertung au\u00dferhalb der Grenzen des Urheberrechtes bed\u00fcrfen der schriftlichen Zustimmung des jeweiligen Autors bzw. Erstellers.<br \/>\nSollten Sie trotzdem eine Urheberrechtsverletzung feststellen, bitten wir um einen entsprechenden Hinweis. Bei Bekanntwerden von Rechtsverletzungen werden wir derartige Inhalte umgehend entfernen oder korrigieren.<\/p>\n<p>Datenschutz<br \/>\nDie Datenschutzerkl\u00e4rung dieser Webseite gilt ausschlie\u00dflich f\u00fcr die Nutzung der von uns angebotenen Internetseite. Sie gilt nicht f\u00fcr verlinkte Webseiten anderer Anbieter.<br \/>\nBei der Nutzung unserer Webseiten bleiben Sie grunds\u00e4tzlich anonym, sofern Sie uns nicht von sich aus personenbezogene Daten mitteilen (z. B. \u00fcber ein Kontaktformular oder per E-Mail).<br \/>\nAlle von Ihnen \u00fcbermittelten personenbezogenen Daten werden vertraulich und entsprechend den gesetzlichen Datenschutzvorschriften behandelt. Eine Weitergabe an Dritte erfolgt nur mit Ihrer ausdr\u00fccklichen Einwilligung oder aufgrund einer gesetzlichen Verpflichtung.<br \/>\nBei Fragen zum Datenschutz wenden Sie sich bitte an die Gesch\u00e4ftsf\u00fchrung.<\/p>\n","protected":false},"excerpt":{"rendered":"<p>RSR Engineering, high flexibility &#8211; full service: Ingenieurdienstleistungen f\u00fcr Nachwachsende Rohstoffe, Erneuerbare Energien, Klimarettung und Entwicklungshilfe mit Schwerpunkten in Deutschland, Vietnam und S\u00fcdafrika<\/p>\n","protected":false},"author":3,"featured_media":0,"parent":0,"menu_order":5,"comment_status":"closed","ping_status":"closed","template":"","meta":{"footnotes":""},"class_list":["post-35","page","type-page","status-publish"],"jetpack_shortlink":"https:\/\/wp.me\/P3ZsD0-z","_links":{"self":[{"href":"https:\/\/www.torstenschmidt.eu\/index.php?rest_route=\/wp\/v2\/pages\/35","targetHints":{"allow":["GET"]}}],"collection":[{"href":"https:\/\/www.torstenschmidt.eu\/index.php?rest_route=\/wp\/v2\/pages"}],"about":[{"href":"https:\/\/www.torstenschmidt.eu\/index.php?rest_route=\/wp\/v2\/types\/page"}],"author":[{"embeddable":true,"href":"https:\/\/www.torstenschmidt.eu\/index.php?rest_route=\/wp\/v2\/users\/3"}],"replies":[{"embeddable":true,"href":"https:\/\/www.torstenschmidt.eu\/index.php?rest_route=%2Fwp%2Fv2%2Fcomments&post=35"}],"version-history":[{"count":122,"href":"https:\/\/www.torstenschmidt.eu\/index.php?rest_route=\/wp\/v2\/pages\/35\/revisions"}],"predecessor-version":[{"id":1337,"href":"https:\/\/www.torstenschmidt.eu\/index.php?rest_route=\/wp\/v2\/pages\/35\/revisions\/1337"}],"wp:attachment":[{"href":"https:\/\/www.torstenschmidt.eu\/index.php?rest_route=%2Fwp%2Fv2%2Fmedia&parent=35"}],"curies":[{"name":"wp","href":"https:\/\/api.w.org\/{rel}","templated":true}]}}