{"id":33,"date":"2010-05-13T12:54:06","date_gmt":"2010-05-13T11:54:06","guid":{"rendered":"http:\/\/torstenschmidt.eu\/wordpress\/?page_id=33"},"modified":"2025-12-06T12:39:12","modified_gmt":"2025-12-06T11:39:12","slug":"links","status":"publish","type":"page","link":"https:\/\/www.torstenschmidt.eu\/?page_id=33","title":{"rendered":"Links"},"content":{"rendered":"<p><strong>Hochschulen, die in Niedersachsen im Bereich Nachwachsender Rohstoffe und Erneuerbarer Energien lehren<\/strong><br \/>\nFakult\u00e4t II, Maschinenbau und Bioverfahrenstechnik; Hannover:<br \/>\n<a href=\"https:\/\/f2.hs-hannover.de\/\" target=\"_blank\" rel=\"noopener noreferrer\">Studiengang Technologie Nachwachsender Rohstoffe<\/a><br \/>\nFakult\u00e4t Ressourcenmanagement; HAWK G\u00f6ttingen:<br \/>\n<a href=\"https:\/\/www.hawk.de\/de\/hochschule\/fakultaeten-und-standorte\/fakultaet-ressourcenmanagement\" target=\"_blank\" rel=\"noopener noreferrer\">Masterstudiengang Nachwachsende Rohstoffe und Erneuerbare Energien<\/a><\/p>\n<p><strong>Verb\u00e4nde, Institute sowie Interessengemeinschaften im Bereich Biomasse\/Bioenergie<\/strong><br \/>\nFachagentur nachwachsender Rohstoffe e.V.: <a href=\"http:\/\/www.fnr.de\" target=\"_blank\" rel=\"noopener noreferrer\">FNR<\/a><br \/>\nCentrale-Agrar-Rohstoff-Marketing- und Entwicklungs-Netzwerk: <a href=\"http:\/\/www.carmen-ev.de\" target=\"_blank\" rel=\"noopener noreferrer\">C.A.R.M.E.N e.V.<\/a><br \/>\nDeutscher-Energie-Pellet-Verband e.V.: <a href=\"http:\/\/www.depv.de\" target=\"_blank\" rel=\"noopener noreferrer\">DEPV<\/a><br \/>\nNiedersachsen-Netzwerk-Nachwachsende Rohstoffe: <a href=\"http:\/\/www.3-n.info\/\" target=\"_blank\" rel=\"noopener noreferrer\">3N<\/a><br \/>\nIngenieure-ohne-Grenzen e.V.: <a href=\"http:\/\/www.ingenieure-ohne-grenzen.org\/\" target=\"_blank\" rel=\"noopener noreferrer\">IoG e.V.<\/a><\/p>\n<p><strong>Zum Thema Holz<\/strong><br \/>\nNieders\u00e4chsische Landesforsten: <a href=\"http:\/\/www.landesforsten.de\/\" target=\"_blank\" rel=\"noopener noreferrer\">Landesforsten<\/a><br \/>\nInternationales Waldportal: <a href=\"http:\/\/www.waldwissen.de\/\" target=\"_blank\" rel=\"noopener noreferrer\">Waldwissen<\/a><\/p>\n<p><strong>Weitere Links<\/strong><br \/>\nInformationen \u00fcber Hannover: <a href=\"http:\/\/www.hannover.de\/\" target=\"_blank\" rel=\"noopener noreferrer\">Landeshauptstadt Hannover<\/a><br \/>\nTaschenrechner f\u00fcr Umrechnung der Energieeinheiten: <a href=\"http:\/\/www.volker-quaschning.de\/datserv\/energierechner\/index.html\" target=\"_blank\" rel=\"noopener noreferrer\">Energieumrechnung<\/a><br \/>\nVerein Deutscher Ingenieure e.V.: <a href=\"http:\/\/www.vdi.de\/\" target=\"_blank\" rel=\"noopener noreferrer\">VDI<\/a><br \/>\nZeitung f\u00fcr Holzfreunde (teilweise kostenpflichtig): <a href=\"http:\/\/www.holzzentralblatt.de\/index1.asp\" target=\"_blank\" rel=\"noopener noreferrer\">Holzzentralblatt<\/a><br \/>\nBundesministerium f\u00fcr Wirtschaft und Energie: <a href=\"http:\/\/www.erneuerbare-energien.de\/EE\/Navigation\/DE\/Home\/home.html\" target=\"_blank\" rel=\"noopener noreferrer\">BMU<\/a><br \/>\nXING, Globales Networking; nicht nur f\u00fcr Gesch\u00e4ftsleute: <a href=\"http:\/\/www.xing.com\" target=\"_blank\" rel=\"noopener noreferrer\">XING<\/a><\/p>\n<p>&nbsp;<\/p>\n<p>Holzhackschnitzel Energierechnermodul bereitgestellt von enplus-hackschnitzel.de<\/p>\n<p><iframe loading=\"lazy\" id=\"ppv_iframe_hack\" style=\"border: none;\" src=\"https:\/\/www.power-pellets.de\/energieverbrauchsrechner\/hackschnitzelrechner.html?utm_source=tool&amp;utm_medium=hack&amp;utm_campaign=integration&amp;page=1\" name=\"ppv_link_hack\" width=\"100%\" height=\"728\"><\/iframe><\/p>\n","protected":false},"excerpt":{"rendered":"<p>Hochschulen, die in Niedersachsen im Bereich Nachwachsender Rohstoffe und Erneuerbarer Energien lehren Fakult\u00e4t II, Maschinenbau und Bioverfahrenstechnik; Hannover: Studiengang Technologie Nachwachsender Rohstoffe Fakult\u00e4t Ressourcenmanagement; HAWK G\u00f6ttingen: Masterstudiengang Nachwachsende Rohstoffe und Erneuerbare Energien Verb\u00e4nde, Institute sowie Interessengemeinschaften im Bereich Biomasse\/Bioenergie Fachagentur nachwachsender Rohstoffe e.V.: FNR Centrale-Agrar-Rohstoff-Marketing- und Entwicklungs-Netzwerk: C.A.R.M.E.N e.V. Deutscher-Energie-Pellet-Verband e.V.: DEPV Niedersachsen-Netzwerk-Nachwachsende Rohstoffe: 3N &#8230; <a title=\"Links\" class=\"read-more\" href=\"https:\/\/www.torstenschmidt.eu\/?page_id=33\" aria-label=\"Mehr Informationen \u00fcber Links\">Weiterlesen<\/a><\/p>\n","protected":false},"author":3,"featured_media":0,"parent":0,"menu_order":4,"comment_status":"closed","ping_status":"closed","template":"","meta":{"footnotes":""},"class_list":["post-33","page","type-page","status-publish"],"jetpack_shortlink":"https:\/\/wp.me\/P3ZsD0-x","_links":{"self":[{"href":"https:\/\/www.torstenschmidt.eu\/index.php?rest_route=\/wp\/v2\/pages\/33","targetHints":{"allow":["GET"]}}],"collection":[{"href":"https:\/\/www.torstenschmidt.eu\/index.php?rest_route=\/wp\/v2\/pages"}],"about":[{"href":"https:\/\/www.torstenschmidt.eu\/index.php?rest_route=\/wp\/v2\/types\/page"}],"author":[{"embeddable":true,"href":"https:\/\/www.torstenschmidt.eu\/index.php?rest_route=\/wp\/v2\/users\/3"}],"replies":[{"embeddable":true,"href":"https:\/\/www.torstenschmidt.eu\/index.php?rest_route=%2Fwp%2Fv2%2Fcomments&post=33"}],"version-history":[{"count":16,"href":"https:\/\/www.torstenschmidt.eu\/index.php?rest_route=\/wp\/v2\/pages\/33\/revisions"}],"predecessor-version":[{"id":1259,"href":"https:\/\/www.torstenschmidt.eu\/index.php?rest_route=\/wp\/v2\/pages\/33\/revisions\/1259"}],"wp:attachment":[{"href":"https:\/\/www.torstenschmidt.eu\/index.php?rest_route=%2Fwp%2Fv2%2Fmedia&parent=33"}],"curies":[{"name":"wp","href":"https:\/\/api.w.org\/{rel}","templated":true}]}}