{"id":2,"date":"2010-05-07T18:43:33","date_gmt":"2010-05-07T17:43:33","guid":{"rendered":"http:\/\/torstenschmidt.eu\/wordpress\/?page_id=2"},"modified":"2025-12-06T12:38:37","modified_gmt":"2025-12-06T11:38:37","slug":"eine-seite","status":"publish","type":"page","link":"https:\/\/www.torstenschmidt.eu\/?page_id=2","title":{"rendered":"Projekte"},"content":{"rendered":"<ul>\n<li>\n<h2><strong>Klimaschutzprojekte in Afrika und Vietnam<\/strong><\/h2>\n<\/li>\n<\/ul>\n<p>Gemeinsam mit \u00f6rtlichen Partnerunternehmen werden an verschiedenen Standorten in Afrika und Vietnam Fl\u00e4chen gepr\u00fcft, die den Anbau von Jatropha wirtschaftlich und \u00f6kologisch\u00a0 sinnvoll darstellen; der Mehrwert muss vor allem in dem Anbauland sichtbar werden. Hier werden hohe ethische, soziale, \u00f6kologische und \u00f6konomische Anspr\u00fcche in allen Projektstufen, vom Produzenten bis zum Verbraucher gestellt. Die Grundvoraussetzung f\u00fcr alle Projekte (und somit auch das gewollte Ziel von RSR Engineering) ist die Umsetzung der \u00f6konomischen, sozialen und \u00f6kologischen Nachhaltigkeit in Afrika und Vietnam.<\/p>\n<p>Aktuell in Pr\u00fcfung \/ Vorprojektierung bis 06-2019: Photovoltaik-Projekt inkl. Klimaschutzma\u00dfnahmen iVm einem EEG \u00e4hnlichen Modell<\/p>\n<ul>\n<li>\n<h2><strong>Klimaschutzprojekt -Savanes, Plateaux, Togo\/Westafrika<\/strong><\/h2>\n<\/li>\n<\/ul>\n<p>Das Klimaschutzprojekt vom Typ &#8222;Aufforstung&#8220;, ist an internationale Klimaschutzbedingungen gekn\u00fcft. Ziel ist es, kurzfristig den Carbon Fix Standard umzusetzen. Zurzeit werden verschiedene Finanzierungsm\u00f6glichkeiten \u00fcberpr\u00fcft; im Anschluss erfolgt die Vorprojektierung Vorort.<\/p>\n<ul>\n<li>\n<h2><strong>Blockheizkraftwerk, BHKW<\/strong><\/h2>\n<\/li>\n<\/ul>\n<p>Standortauswahl, Standortversetzung, Vorprojektierung sowie Betreuung von Blockheizkraftwerken in Deutschland. In Verbindung mit professionellen Partnern auch deren Handel und Contracting. Grundvoraussetzung ist die Anbindung der Kraft-W\u00e4rme-Kopplung, KWK. Nachhaltige Pflanzen\u00f6lbeschaffung sowie \u00fcbliche Zertifizierungen, Biomethan oder Erdgas.<\/p>\n<ul>\n<li>\n<h2><strong>Carbon Footprint = produktspezifische \u00d6kobilanzierung<\/strong><\/h2>\n<\/li>\n<\/ul>\n<p>Klimaschutz und Umweltschutz umfassen ein breites Gebiet: Nachhaltiger Klimaschutz f\u00e4ngt im privaten sowie im industriellen Bereich an. Unser Unternehmen spezialisiert sich auf \u00d6kobilanzen in der industriellen Fertigung von Produkten jeglicher Art.<\/p>\n<ul>\n<li>\n<h2><strong>Bioprodukte im Food-Bereich <\/strong><\/h2>\n<\/li>\n<\/ul>\n<p>Unterst\u00fctzung bei Kaffee- und Kakaobohnen hinsichtlich Anbau, Pflege und Ernte. Entwicklung eines eigenen Fairtradeprogramms sowie Beteiligung an vorhandenen Fairtradesystemen in Verbindung mit EG-\u00d6koverordnung.<\/p>\n<ul>\n<li>\n<h2><strong>Palm- und Jatropha\u00f6l Nachhaltigkeit (Non-Food-Bereich)<\/strong><\/h2>\n<\/li>\n<\/ul>\n<p>Entwicklung von nachhaltigen Biomasseprojekten in S\u00fcdostasien und Westafrika. Eine Rodung des vorhandenen Regenwaldes ist auf das Sch\u00e4rfste zu kritisieren ist. Eine Vernichtung der Regenw\u00e4lder und deren Artenvielfalt ist eine der gr\u00f6\u00dften Umwelts\u00fcnden der Gegenwart (und der Zukunft!) Wir wollen die Rodung nicht unterst\u00fctzen! Nachhaltigkeitszertifikate sind unabdingbar und solange Pflanzen\u00f6le nicht unter bestimmten Kriterien\/Bedingungen nachhaltig angebaut und verarbeitet werden, ist es mindestens als Bioenergietr\u00e4ger abzulehnen, wenn dadurch zB die Biodiversit\u00e4t negativ beeinflusst werde.<\/p>\n<p>Deshalb entwickeln wir Nachhaltigkeitskriterien, abgestimmt auf die Gesetzgebung der EU, um diese auf (echtem) Brachland oder vorhandenen \u00d6lpalmenplantagen umzusetzen. Dies ist ein langwieriger Prozess, da Brachland nicht gleich Brachland ist.<\/p>\n<p>F\u00fcr das Thema Nachhaltigkeit und &#8222;Tank &#8211; teller -Trog Diskussion schauen Sie bitte hier: <a href=\"https:\/\/www.torstenschmidt.eu\/?page_id=242\">Definition Nachhaltigkeit<\/a><\/p>\n<ul>\n<li>\n<h2><strong>CO<sub>2<\/sub>-Bilanz<\/strong><\/h2>\n<\/li>\n<\/ul>\n<p>Mit einem Partnerunternehmen aus Hannover wird ein Projekt entwickelt, dass die pers\u00f6nliche Kohlenstoffdioxidbilanz (zum Beispiel von Unternehmen oder Einzelpersonen) positiv beeinflussen kann. Die Konzeption sowie Vermarktung liegt bei dem Partnerunternehmen; die Projektdurch-f\u00fchrung erfolgt in Togo.<\/p>\n<ul>\n<li>\n<h2><strong>Entwicklung \/ Interessenaustausch &#8211; F\u00f6rderung von Aktivit\u00e4ten zwischen Deutschland und Gabun<\/strong><\/h2>\n<\/li>\n<\/ul>\n<p>Mit Partnern aus Deutschland unterst\u00fctzen\/f\u00f6rdern wir gemeinsam Ausbildung aber auch den allg. Interessensaustausch verschiedener Berufsgruppen in Gabun. Besonders die Einbindung der Erneuerbaren Energie in deren L\u00e4ndern; aber auch Ausbildungsm\u00f6glichkeiten hinsichtlich handwerklicher Berufe. Die Firmen Engelbrecht und B\u00c4KO in Bremerhaven sind Partner.<\/p>\n<p>Weiter hat die Delegation in Norddeutschland ans\u00e4ssige Unternehmen aufgesucht und sich z.B. \u00fcber umweltfreundliche Energieerzeugung aber auch \u00fcber den aktuellen Computerstandard (auf der ceBit) informiert. Weitere Besuche sind bis heute erfolgt und f\u00fcr die Zukunft bereits geplant.<\/p>\n<ul>\n<li>\n<h2><strong>Wasseraufbereitung Vietnam<br \/>\n<\/strong><\/h2>\n<\/li>\n<\/ul>\n<p>Mit einem Partnerunternehmen aus Hamburg werden Projekte akquiriert und entwickelt, wo Einheimische gar nicht oder nur bedingten Zugang zum Trinkwasser haben. Mittels einer Wasseraufbereitungsanlage und Wasserentsalzung soll den Einheimischen nun der Zugang erm\u00f6glicht werden.<\/p>\n<ul>\n<li>\n<h2><strong>Alt\u00f6l (S\u00fcdafrika)<br \/>\n<\/strong><\/h2>\n<\/li>\n<\/ul>\n<p>Teilweise wird das Alt\u00f6l nach einem Motoren\u00f6lwechsel (in der Werkstatt oder auf freier Landstra\u00dfe) nicht fachgrecht entsorgt. Hier versuchen wir Konzepte aufzustellen um den \u00f6rtlichen Unternehmen die M\u00f6glichkeit zu geben, s\u00e4mtliche \u00d6le fachgrecht zu entsorgen und ggf. die \u00d6le zu recyceln.<\/p>\n<ul>\n<li>\n<h2><strong>Unterst\u00fctzung Ingenieurb\u00fcros<br \/>\n<\/strong><\/h2>\n<\/li>\n<\/ul>\n<p>Unterst\u00fctzung verschiedener Ingenieur- und Planungsb\u00fcros sowie Contractoren in deren Projekte wie der Projektierung ansich und Bau\u00fcberwachung von BHKW-Projekten in Deutschland inkl. W\u00e4rmeversorgung f\u00fcr Wohn- und Industriezwecke.<\/p>\n","protected":false},"excerpt":{"rendered":"<p>Klimaschutzprojekte in Afrika und Vietnam Gemeinsam mit \u00f6rtlichen Partnerunternehmen werden an verschiedenen Standorten in Afrika und Vietnam Fl\u00e4chen gepr\u00fcft, die den Anbau von Jatropha wirtschaftlich und \u00f6kologisch\u00a0 sinnvoll darstellen; der Mehrwert muss vor allem in dem Anbauland sichtbar werden. Hier werden hohe ethische, soziale, \u00f6kologische und \u00f6konomische Anspr\u00fcche in allen Projektstufen, vom Produzenten bis zum &#8230; <a title=\"Projekte\" class=\"read-more\" href=\"https:\/\/www.torstenschmidt.eu\/?page_id=2\" aria-label=\"Mehr Informationen \u00fcber Projekte\">Weiterlesen<\/a><\/p>\n","protected":false},"author":3,"featured_media":0,"parent":0,"menu_order":2,"comment_status":"closed","ping_status":"closed","template":"","meta":{"footnotes":""},"class_list":["post-2","page","type-page","status-publish"],"jetpack_shortlink":"https:\/\/wp.me\/P3ZsD0-2","_links":{"self":[{"href":"https:\/\/www.torstenschmidt.eu\/index.php?rest_route=\/wp\/v2\/pages\/2","targetHints":{"allow":["GET"]}}],"collection":[{"href":"https:\/\/www.torstenschmidt.eu\/index.php?rest_route=\/wp\/v2\/pages"}],"about":[{"href":"https:\/\/www.torstenschmidt.eu\/index.php?rest_route=\/wp\/v2\/types\/page"}],"author":[{"embeddable":true,"href":"https:\/\/www.torstenschmidt.eu\/index.php?rest_route=\/wp\/v2\/users\/3"}],"replies":[{"embeddable":true,"href":"https:\/\/www.torstenschmidt.eu\/index.php?rest_route=%2Fwp%2Fv2%2Fcomments&post=2"}],"version-history":[{"count":59,"href":"https:\/\/www.torstenschmidt.eu\/index.php?rest_route=\/wp\/v2\/pages\/2\/revisions"}],"predecessor-version":[{"id":1104,"href":"https:\/\/www.torstenschmidt.eu\/index.php?rest_route=\/wp\/v2\/pages\/2\/revisions\/1104"}],"wp:attachment":[{"href":"https:\/\/www.torstenschmidt.eu\/index.php?rest_route=%2Fwp%2Fv2%2Fmedia&parent=2"}],"curies":[{"name":"wp","href":"https:\/\/api.w.org\/{rel}","templated":true}]}}